{"id":8,"date":"2024-01-21T09:29:06","date_gmt":"2024-01-21T08:29:06","guid":{"rendered":"https:\/\/www.sddesignhome.com\/?page_id=8"},"modified":"2024-10-21T11:17:36","modified_gmt":"2024-10-21T09:17:36","slug":"accueil","status":"publish","type":"page","link":"https:\/\/www.sddesignhome.com\/","title":{"rendered":"Accueil"},"content":{"rendered":"\n<p><\/p>\n\n\n\n<div class=\"wp-block-group alignwide\"><div class=\"wp-block-group__inner-container is-layout-constrained wp-block-group-is-layout-constrained\">\n<div class=\"wp-block-group\"><div class=\"wp-block-group__inner-container is-layout-constrained wp-block-group-is-layout-constrained\"><nav class=\"is-responsive wp-block-navigation is-layout-flex wp-block-navigation-is-layout-flex\" aria-label=\"Menu principal\" \n\t\t data-wp-interactive=\"core\/navigation\" data-wp-context='{\"overlayOpenedBy\":{\"click\":false,\"hover\":false,\"focus\":false},\"type\":\"overlay\",\"roleAttribute\":\"\",\"ariaLabel\":\"Menu\"}'><button aria-haspopup=\"dialog\" aria-label=\"Ouvrir le menu\" class=\"wp-block-navigation__responsive-container-open\" \n\t\t\t\tdata-wp-on--click=\"actions.openMenuOnClick\"\n\t\t\t\tdata-wp-on--keydown=\"actions.handleMenuKeydown\"\n\t\t\t><svg width=\"24\" height=\"24\" xmlns=\"http:\/\/www.w3.org\/2000\/svg\" viewBox=\"0 0 24 24\" aria-hidden=\"true\" focusable=\"false\"><path d=\"M4 7.5h16v1.5H4z\"><\/path><path d=\"M4 15h16v1.5H4z\"><\/path><\/svg><\/button>\n\t\t\t\t<div class=\"wp-block-navigation__responsive-container\"  id=\"modal-1\" \n\t\t\t\tdata-wp-class--has-modal-open=\"state.isMenuOpen\"\n\t\t\t\tdata-wp-class--is-menu-open=\"state.isMenuOpen\"\n\t\t\t\tdata-wp-watch=\"callbacks.initMenu\"\n\t\t\t\tdata-wp-on--keydown=\"actions.handleMenuKeydown\"\n\t\t\t\tdata-wp-on--focusout=\"actions.handleMenuFocusout\"\n\t\t\t\ttabindex=\"-1\"\n\t\t\t>\n\t\t\t\t\t<div class=\"wp-block-navigation__responsive-close\" tabindex=\"-1\">\n\t\t\t\t\t\t<div class=\"wp-block-navigation__responsive-dialog\" \n\t\t\t\tdata-wp-bind--aria-modal=\"state.ariaModal\"\n\t\t\t\tdata-wp-bind--aria-label=\"state.ariaLabel\"\n\t\t\t\tdata-wp-bind--role=\"state.roleAttribute\"\n\t\t\t>\n\t\t\t\t\t\t\t<button aria-label=\"Fermer le menu\" class=\"wp-block-navigation__responsive-container-close\" \n\t\t\t\tdata-wp-on--click=\"actions.closeMenuOnClick\"\n\t\t\t><svg xmlns=\"http:\/\/www.w3.org\/2000\/svg\" viewBox=\"0 0 24 24\" width=\"24\" height=\"24\" aria-hidden=\"true\" focusable=\"false\"><path d=\"m13.06 12 6.47-6.47-1.06-1.06L12 10.94 5.53 4.47 4.47 5.53 10.94 12l-6.47 6.47 1.06 1.06L12 13.06l6.47 6.47 1.06-1.06L13.06 12Z\"><\/path><\/svg><\/button>\n\t\t\t\t\t\t\t<div class=\"wp-block-navigation__responsive-container-content\" \n\t\t\t\tdata-wp-watch=\"callbacks.focusFirstElement\"\n\t\t\t id=\"modal-1-content\">\n\t\t\t\t\t\t\t\t<ul class=\"wp-block-navigation__container is-responsive wp-block-navigation\"><li class=\" wp-block-navigation-item wp-block-navigation-link\"><a class=\"wp-block-navigation-item__content\"  href=\"https:\/\/www.sddesignhome.com\/category\/non-classe\/\" target=\"_blank\"  ><span class=\"wp-block-navigation-item__label\"> <\/span><\/a><\/li><li class=\" wp-block-navigation-item wp-block-navigation-link\"><a class=\"wp-block-navigation-item__content\"  href=\"https:\/\/www.sddesignhome.com\/\"><span class=\"wp-block-navigation-item__label\">Accueil<\/span><\/a><\/li><li class=\" wp-block-navigation-item wp-block-navigation-link\"><a class=\"wp-block-navigation-item__content\"  href=\"https:\/\/www.sddesignhome.com\/?page_id=12\"><span class=\"wp-block-navigation-item__label\">Prestations<\/span><\/a><\/li><li class=\" wp-block-navigation-item wp-block-navigation-link\"><a class=\"wp-block-navigation-item__content\"  href=\"https:\/\/www.sddesignhome.com\/?page_id=576\"><span class=\"wp-block-navigation-item__label\">Home Staging<\/span><\/a><\/li><li class=\" wp-block-navigation-item wp-block-navigation-link\"><a class=\"wp-block-navigation-item__content\"  href=\"https:\/\/www.sddesignhome.com\/?page_id=10\"><span class=\"wp-block-navigation-item__label\">A , propos de moi<\/span><\/a><\/li><li class=\" wp-block-navigation-item wp-block-navigation-link\"><a class=\"wp-block-navigation-item__content\"  href=\"https:\/\/www.sddesignhome.com\/?page_id=14\"><span class=\"wp-block-navigation-item__label\">Me contacter<\/span><\/a><\/li><\/ul>\n\t\t\t\t\t\t\t<\/div>\n\t\t\t\t\t\t<\/div>\n\t\t\t\t\t<\/div>\n\t\t\t\t<\/div><\/nav>\n\n\n<p class=\"has-text-align-center\">SD Design Home<\/p>\n\n\n<div class=\"wp-block-image\">\n<figure class=\"aligncenter size-full is-resized\"><img fetchpriority=\"high\" decoding=\"async\" width=\"1159\" height=\"803\" src=\"http:\/\/www.sddesignhome.com\/wp-content\/uploads\/2024\/10\/IMG_4649.jpeg\" alt=\"\" class=\"wp-image-961\" style=\"width:504px;height:auto\" srcset=\"https:\/\/www.sddesignhome.com\/wp-content\/uploads\/2024\/10\/IMG_4649.jpeg 1159w, https:\/\/www.sddesignhome.com\/wp-content\/uploads\/2024\/10\/IMG_4649-300x208.jpeg 300w, https:\/\/www.sddesignhome.com\/wp-content\/uploads\/2024\/10\/IMG_4649-1024x709.jpeg 1024w, https:\/\/www.sddesignhome.com\/wp-content\/uploads\/2024\/10\/IMG_4649-768x532.jpeg 768w\" sizes=\"(max-width: 1159px) 100vw, 1159px\" \/><figcaption class=\"wp-element-caption\">Faire de vos int\u00e9rieurs des lieux uniques, bien agenc\u00e9s et qui vous ressemblent, le cocon  dont vous r\u00eaviez.<br>Je vous propose de vous accompagner et de travailler en \u00e9troite collaboration sur chacun de vos projets, avec toute l\u2019ouverture d\u2019esprit et le professionnalisme n\u00e9cessaire \u00e0 cette fabuleuse aventure.<br>Cr\u00e9ativit\u00e9, contraintes techniques, chacun de mes projets sont des moteurs pour vous amener l\u00e0 o\u00f9 vous n\u2019auriez pas cru aller, dans le respect de l\u2019environnement lorsque cela est possible, car les d\u00e9fis sont l\u00e0 . <\/figcaption><\/figure>\n<\/div><\/div><\/div>\n<\/div><\/div>\n","protected":false},"excerpt":{"rendered":"<p>SD Design Home<\/p>\n","protected":false},"author":1,"featured_media":0,"parent":10,"menu_order":1,"comment_status":"open","ping_status":"closed","template":"","meta":{"_kad_post_transparent":"default","_kad_post_title":"show","_kad_post_layout":"default","_kad_post_sidebar_id":"","_kad_post_content_style":"","_kad_post_vertical_padding":"hide","_kad_post_feature":"show","_kad_post_feature_position":"","_kad_post_header":true,"_kad_post_footer":true,"footnotes":"[]"},"class_list":["post-8","page","type-page","status-publish","hentry"],"_links":{"self":[{"href":"https:\/\/www.sddesignhome.com\/index.php?rest_route=\/wp\/v2\/pages\/8","targetHints":{"allow":["GET"]}}],"collection":[{"href":"https:\/\/www.sddesignhome.com\/index.php?rest_route=\/wp\/v2\/pages"}],"about":[{"href":"https:\/\/www.sddesignhome.com\/index.php?rest_route=\/wp\/v2\/types\/page"}],"author":[{"embeddable":true,"href":"https:\/\/www.sddesignhome.com\/index.php?rest_route=\/wp\/v2\/users\/1"}],"replies":[{"embeddable":true,"href":"https:\/\/www.sddesignhome.com\/index.php?rest_route=%2Fwp%2Fv2%2Fcomments&post=8"}],"version-history":[{"count":154,"href":"https:\/\/www.sddesignhome.com\/index.php?rest_route=\/wp\/v2\/pages\/8\/revisions"}],"predecessor-version":[{"id":966,"href":"https:\/\/www.sddesignhome.com\/index.php?rest_route=\/wp\/v2\/pages\/8\/revisions\/966"}],"up":[{"embeddable":true,"href":"https:\/\/www.sddesignhome.com\/index.php?rest_route=\/wp\/v2\/pages\/10"}],"wp:attachment":[{"href":"https:\/\/www.sddesignhome.com\/index.php?rest_route=%2Fwp%2Fv2%2Fmedia&parent=8"}],"curies":[{"name":"wp","href":"https:\/\/api.w.org\/{rel}","templated":true}]}}