{"id":14,"date":"2024-03-10T10:37:19","date_gmt":"2024-03-10T09:37:19","guid":{"rendered":"https:\/\/www.sddesignhome.com\/?page_id=14"},"modified":"2024-03-12T00:22:42","modified_gmt":"2024-03-11T23:22:42","slug":"me-contacter","status":"publish","type":"page","link":"https:\/\/www.sddesignhome.com\/?page_id=14","title":{"rendered":"Me contacter"},"content":{"rendered":"<style>.kb-row-layout-wrap.wp-block-kadence-rowlayout.kb-row-layout-id14_073c5e-b0{margin-bottom:0px;}.kb-row-layout-id14_073c5e-b0 > .kt-row-column-wrap{align-content:start;}:where(.kb-row-layout-id14_073c5e-b0 > .kt-row-column-wrap) > .wp-block-kadence-column{justify-content:start;}.kb-row-layout-id14_073c5e-b0 > .kt-row-column-wrap{column-gap:var(--global-kb-gap-md, 2rem);row-gap:var(--global-kb-gap-md, 2rem);max-width:1242px;margin-left:auto;margin-right:auto;padding-top:0px;padding-right:0px;padding-bottom:40px;padding-left:0px;grid-template-columns:minmax(0, calc(90% - ((var(--global-kb-gap-md, 2rem) * 1 )\/2)))minmax(0, calc(10% - ((var(--global-kb-gap-md, 2rem) * 1 )\/2)));}.kb-row-layout-id14_073c5e-b0 > .kt-row-layout-overlay{opacity:0.30;}.kb-row-layout-id14_073c5e-b0{z-index:12;position:relative;}@media all and (max-width: 1024px){.kb-row-layout-id14_073c5e-b0 > .kt-row-column-wrap{grid-template-columns:minmax(0, 1fr);}}@media all and (max-width: 767px){.kb-row-layout-id14_073c5e-b0 > .kt-row-column-wrap{grid-template-columns:minmax(0, 1fr);}}<\/style><div class=\"kb-row-layout-wrap kb-row-layout-id14_073c5e-b0 aligncenter wp-block-kadence-rowlayout\"><div class=\"kt-row-column-wrap kt-has-2-columns kt-row-layout-equal kt-tab-layout-row kt-mobile-layout-row kt-row-valign-top\">\n<style>.kadence-column14_c58b3c-55 > .kt-inside-inner-col,.kadence-column14_c58b3c-55 > .kt-inside-inner-col:before{border-top-left-radius:0px;border-top-right-radius:0px;border-bottom-right-radius:0px;border-bottom-left-radius:0px;}.kadence-column14_c58b3c-55 > .kt-inside-inner-col{column-gap:var(--global-kb-gap-sm, 1rem);}.kadence-column14_c58b3c-55 > .kt-inside-inner-col{flex-direction:column;}.kadence-column14_c58b3c-55 > .kt-inside-inner-col > .aligncenter{width:100%;}.kadence-column14_c58b3c-55 > .kt-inside-inner-col:before{opacity:0.3;}.kadence-column14_c58b3c-55{position:relative;}.kadence-column14_c58b3c-55, .kt-inside-inner-col > .kadence-column14_c58b3c-55:not(.specificity){margin-top:40px;margin-right:0px;margin-bottom:0px;margin-left:90px;}@media all and (max-width: 1024px){.kadence-column14_c58b3c-55 > .kt-inside-inner-col{flex-direction:column;justify-content:center;}}@media all and (max-width: 1024px){.kadence-column14_c58b3c-55, .kt-inside-inner-col > .kadence-column14_c58b3c-55:not(.specificity){margin-left:1px;}}@media all and (max-width: 767px){.kadence-column14_c58b3c-55 > .kt-inside-inner-col{flex-direction:column;justify-content:center;}.kadence-column14_c58b3c-55, .kt-inside-inner-col > .kadence-column14_c58b3c-55:not(.specificity){margin-left:1px;}}<\/style>\n<div class=\"wp-block-kadence-column kadence-column14_c58b3c-55 inner-column-2\"><div class=\"kt-inside-inner-col\"><style>.wp-block-kadence-advancedheading.kt-adv-heading14_81ee82-8d, .wp-block-kadence-advancedheading.kt-adv-heading14_81ee82-8d[data-kb-block=\"kb-adv-heading14_81ee82-8d\"]{margin-bottom:var(--global-kb-spacing-md, 2rem);font-size:var(--global-kb-font-size-md, 1.25rem);font-weight:normal;font-style:normal;}.wp-block-kadence-advancedheading.kt-adv-heading14_81ee82-8d mark.kt-highlight, .wp-block-kadence-advancedheading.kt-adv-heading14_81ee82-8d[data-kb-block=\"kb-adv-heading14_81ee82-8d\"] mark.kt-highlight{font-weight:normal;font-style:normal;color:#f76a0c;-webkit-box-decoration-break:clone;box-decoration-break:clone;padding-top:0px;padding-right:0px;padding-bottom:0px;padding-left:0px;}.wp-block-kadence-advancedheading.kt-adv-heading14_81ee82-8d img.kb-inline-image, .wp-block-kadence-advancedheading.kt-adv-heading14_81ee82-8d[data-kb-block=\"kb-adv-heading14_81ee82-8d\"] img.kb-inline-image{width:150px;vertical-align:baseline;}<\/style>\n<div class=\"kt-adv-heading14_81ee82-8d wp-block-kadence-advancedheading\" data-kb-block=\"kb-adv-heading14_81ee82-8d\"> <\/div>\n\n\n\n<p><\/p>\n\n\n\n<p class=\"has-text-align-center\">Mail : <\/p>\n\n\n<style>.wp-block-kadence-advancedheading.kt-adv-heading14_dfde4c-94, .wp-block-kadence-advancedheading.kt-adv-heading14_dfde4c-94[data-kb-block=\"kb-adv-heading14_dfde4c-94\"]{padding-bottom:var(--global-kb-spacing-sm, 1.5rem);text-align:center;font-style:normal;}.wp-block-kadence-advancedheading.kt-adv-heading14_dfde4c-94 mark.kt-highlight, .wp-block-kadence-advancedheading.kt-adv-heading14_dfde4c-94[data-kb-block=\"kb-adv-heading14_dfde4c-94\"] mark.kt-highlight{font-style:normal;color:#f76a0c;-webkit-box-decoration-break:clone;box-decoration-break:clone;padding-top:0px;padding-right:0px;padding-bottom:0px;padding-left:0px;}.wp-block-kadence-advancedheading.kt-adv-heading14_dfde4c-94 img.kb-inline-image, .wp-block-kadence-advancedheading.kt-adv-heading14_dfde4c-94[data-kb-block=\"kb-adv-heading14_dfde4c-94\"] img.kb-inline-image{width:150px;vertical-align:baseline;}<\/style>\n<div class=\"kt-adv-heading14_dfde4c-94 wp-block-kadence-advancedheading has-theme-palette-3-color has-text-color\" data-kb-block=\"kb-adv-heading14_dfde4c-94\">sddesignhome@hotmail.com<\/div>\n\n\n\n<p class=\"has-text-align-center\">Phone :<\/p>\n\n\n\n<p class=\"has-text-align-center\">06 59 78 36 26 <\/p>\n\n\n\n<p class=\"has-text-align-center\">Site internet :<\/p>\n\n\n\n<p class=\"has-text-align-center\">www.sddesignhome.com<\/p>\n\n\n\n<p class=\"has-text-align-center\">Instagram<\/p>\n\n\n\n<p class=\"has-text-align-center\">Sddesignhome<\/p>\n\n\n\n<p><\/p>\n\n\n\n<p><\/p>\n\n\n<style>.wp-block-kadence-spacer.kt-block-spacer-14_100783-6a .kt-block-spacer{height:20px;}.wp-block-kadence-spacer.kt-block-spacer-14_100783-6a .kt-divider{border-top-width:1px;height:1px;border-top-color:#eee;width:80%;border-top-style:solid;}<\/style>\n<div class=\"wp-block-kadence-spacer aligncenter kt-block-spacer-14_100783-6a\"><div class=\"kt-block-spacer kt-block-spacer-halign-center\"><\/div><\/div>\n<\/div><\/div>\n\n\n<style>.kadence-column14_2bc7ff-e8 > .kt-inside-inner-col,.kadence-column14_2bc7ff-e8 > .kt-inside-inner-col:before{border-top-left-radius:0px;border-top-right-radius:0px;border-bottom-right-radius:0px;border-bottom-left-radius:0px;}.kadence-column14_2bc7ff-e8 > .kt-inside-inner-col{column-gap:var(--global-kb-gap-sm, 1rem);}.kadence-column14_2bc7ff-e8 > .kt-inside-inner-col{flex-direction:column;}.kadence-column14_2bc7ff-e8 > .kt-inside-inner-col > .aligncenter{width:100%;}.kadence-column14_2bc7ff-e8 > .kt-inside-inner-col:before{opacity:0.3;}.kadence-column14_2bc7ff-e8{position:relative;}@media all and (max-width: 1024px){.kadence-column14_2bc7ff-e8 > .kt-inside-inner-col{flex-direction:column;justify-content:center;}}@media all and (max-width: 767px){.kadence-column14_2bc7ff-e8 > .kt-inside-inner-col{flex-direction:column;justify-content:center;}}<\/style>\n<div class=\"wp-block-kadence-column kadence-column14_2bc7ff-e8\"><div class=\"kt-inside-inner-col\"><\/div><\/div>\n\n<\/div><\/div>\n\n<style>.kb-row-layout-wrap.wp-block-kadence-rowlayout.kb-row-layout-id14_70b88e-2b{margin-top:0px;margin-bottom:-10px;}.kb-row-layout-id14_70b88e-2b > .kt-row-column-wrap{align-content:center;}:where(.kb-row-layout-id14_70b88e-2b > .kt-row-column-wrap) > .wp-block-kadence-column{justify-content:center;}.kb-row-layout-id14_70b88e-2b > .kt-row-column-wrap{column-gap:var(--global-kb-gap-md, 2rem);row-gap:var(--global-kb-gap-md, 2rem);padding-top:0px;padding-right:0px;padding-bottom:0px;padding-left:0px;grid-template-columns:minmax(0, 1fr);}.kb-row-layout-id14_70b88e-2b > .kt-row-layout-overlay{opacity:0.30;}@media all and (max-width: 1024px){.kb-row-layout-id14_70b88e-2b > .kt-row-column-wrap{grid-template-columns:minmax(0, 1fr);}}@media all and (max-width: 767px){.kb-row-layout-id14_70b88e-2b > .kt-row-column-wrap{grid-template-columns:minmax(0, 1fr);}}<\/style><div class=\"kb-row-layout-wrap kb-row-layout-id14_70b88e-2b alignnone wp-block-kadence-rowlayout\"><div class=\"kt-row-column-wrap kt-has-1-columns kt-row-layout-equal kt-tab-layout-inherit kt-mobile-layout-row kt-row-valign-middle\">\n<style>.kadence-column14_3a55f4-e2 > .kt-inside-inner-col,.kadence-column14_3a55f4-e2 > .kt-inside-inner-col:before{border-top-left-radius:0px;border-top-right-radius:0px;border-bottom-right-radius:0px;border-bottom-left-radius:0px;}.kadence-column14_3a55f4-e2 > .kt-inside-inner-col{column-gap:var(--global-kb-gap-sm, 1rem);}.kadence-column14_3a55f4-e2 > .kt-inside-inner-col{flex-direction:column;}.kadence-column14_3a55f4-e2 > .kt-inside-inner-col > .aligncenter{width:100%;}.kadence-column14_3a55f4-e2 > .kt-inside-inner-col:before{opacity:0.3;}.kadence-column14_3a55f4-e2{position:relative;}.kadence-column14_3a55f4-e2, .kt-inside-inner-col > .kadence-column14_3a55f4-e2:not(.specificity){margin-top:0px;margin-right:0px;margin-bottom:0px;margin-left:0px;}@media all and (max-width: 1024px){.kadence-column14_3a55f4-e2 > .kt-inside-inner-col{flex-direction:column;justify-content:center;}}@media all and (max-width: 767px){.kadence-column14_3a55f4-e2 > .kt-inside-inner-col{flex-direction:column;justify-content:center;}}<\/style>\n<div class=\"wp-block-kadence-column kadence-column14_3a55f4-e2 inner-column-1\"><div class=\"kt-inside-inner-col\"><\/div><\/div>\n\n<\/div><\/div>\n\n<div class=\"wp-block-image\">\n<figure class=\"aligncenter size-full is-resized\"><img fetchpriority=\"high\" decoding=\"async\" width=\"612\" height=\"408\" src=\"https:\/\/www.sddesignhome.com\/wp-content\/uploads\/2024\/03\/image.png\" alt=\"\" class=\"wp-image-699\" style=\"width:562px;height:auto\" srcset=\"https:\/\/www.sddesignhome.com\/wp-content\/uploads\/2024\/03\/image.png 612w, https:\/\/www.sddesignhome.com\/wp-content\/uploads\/2024\/03\/image-300x200.png 300w\" sizes=\"(max-width: 612px) 100vw, 612px\" \/><\/figure>\n<\/div>\n\n<style>.kb-row-layout-wrap.wp-block-kadence-rowlayout.kb-row-layout-id14_9416e2-c1{margin-top:0px;margin-bottom:-10px;}.kb-row-layout-id14_9416e2-c1 > .kt-row-column-wrap{align-content:center;}:where(.kb-row-layout-id14_9416e2-c1 > .kt-row-column-wrap) > .wp-block-kadence-column{justify-content:center;}.kb-row-layout-id14_9416e2-c1 > .kt-row-column-wrap{column-gap:var(--global-kb-gap-md, 2rem);row-gap:var(--global-kb-gap-md, 2rem);padding-top:0px;padding-right:0px;padding-bottom:0px;padding-left:0px;grid-template-columns:minmax(0, 1fr);}.kb-row-layout-id14_9416e2-c1 > .kt-row-layout-overlay{opacity:0.30;}@media all and (max-width: 1024px){.kb-row-layout-id14_9416e2-c1 > .kt-row-column-wrap{grid-template-columns:minmax(0, 1fr);}}@media all and (max-width: 767px){.kb-row-layout-id14_9416e2-c1 > .kt-row-column-wrap{grid-template-columns:minmax(0, 1fr);}}<\/style><div class=\"kb-row-layout-wrap kb-row-layout-id14_9416e2-c1 alignnone wp-block-kadence-rowlayout\"><div class=\"kt-row-column-wrap kt-has-1-columns kt-row-layout-equal kt-tab-layout-inherit kt-mobile-layout-row kt-row-valign-middle\">\n<style>.kadence-column14_4f6018-76 > .kt-inside-inner-col,.kadence-column14_4f6018-76 > .kt-inside-inner-col:before{border-top-left-radius:0px;border-top-right-radius:0px;border-bottom-right-radius:0px;border-bottom-left-radius:0px;}.kadence-column14_4f6018-76 > .kt-inside-inner-col{column-gap:var(--global-kb-gap-sm, 1rem);}.kadence-column14_4f6018-76 > .kt-inside-inner-col{flex-direction:column;}.kadence-column14_4f6018-76 > .kt-inside-inner-col > .aligncenter{width:100%;}.kadence-column14_4f6018-76 > .kt-inside-inner-col:before{opacity:0.3;}.kadence-column14_4f6018-76{position:relative;}.kadence-column14_4f6018-76, .kt-inside-inner-col > .kadence-column14_4f6018-76:not(.specificity){margin-top:0px;margin-right:0px;margin-bottom:0px;margin-left:0px;}@media all and (max-width: 1024px){.kadence-column14_4f6018-76 > .kt-inside-inner-col{flex-direction:column;justify-content:center;}}@media all and (max-width: 767px){.kadence-column14_4f6018-76 > .kt-inside-inner-col{flex-direction:column;justify-content:center;}}<\/style>\n<div class=\"wp-block-kadence-column kadence-column14_4f6018-76 inner-column-1\"><div class=\"kt-inside-inner-col\">\n<p class=\"has-text-align-center\">SD DESIGN est  situ\u00e9e \u00e0 Sarcelles dans le Val d&rsquo;Oise , vous propose un accompagnement personnalis\u00e9 dans vos travaux de r\u00e9novation et un suivi de chantier de A \u00e0 Z,  pour les particuliers et les professionnels .<\/p>\n<\/div><\/div>\n\n<\/div><\/div>","protected":false},"excerpt":{"rendered":"<p>Mail : sddesignhome@hotmail.com Phone : 06 59 78 36 26 Site internet : www.sddesignhome.com Instagram Sddesignhome SD DESIGN est situ\u00e9e \u00e0 Sarcelles dans le Val d&rsquo;Oise , vous propose un accompagnement personnalis\u00e9 dans vos travaux de r\u00e9novation et un suivi de chantier de A \u00e0 Z, pour les particuliers et les professionnels .<\/p>\n","protected":false},"author":1,"featured_media":0,"parent":8,"menu_order":5,"comment_status":"open","ping_status":"closed","template":"","meta":{"_kad_post_transparent":"default","_kad_post_title":"","_kad_post_layout":"narrow","_kad_post_sidebar_id":"","_kad_post_content_style":"unboxed","_kad_post_vertical_padding":"","_kad_post_feature":"","_kad_post_feature_position":"","_kad_post_header":false,"_kad_post_footer":false,"footnotes":""},"class_list":["post-14","page","type-page","status-publish","hentry"],"_links":{"self":[{"href":"https:\/\/www.sddesignhome.com\/index.php?rest_route=\/wp\/v2\/pages\/14","targetHints":{"allow":["GET"]}}],"collection":[{"href":"https:\/\/www.sddesignhome.com\/index.php?rest_route=\/wp\/v2\/pages"}],"about":[{"href":"https:\/\/www.sddesignhome.com\/index.php?rest_route=\/wp\/v2\/types\/page"}],"author":[{"embeddable":true,"href":"https:\/\/www.sddesignhome.com\/index.php?rest_route=\/wp\/v2\/users\/1"}],"replies":[{"embeddable":true,"href":"https:\/\/www.sddesignhome.com\/index.php?rest_route=%2Fwp%2Fv2%2Fcomments&post=14"}],"version-history":[{"count":36,"href":"https:\/\/www.sddesignhome.com\/index.php?rest_route=\/wp\/v2\/pages\/14\/revisions"}],"predecessor-version":[{"id":958,"href":"https:\/\/www.sddesignhome.com\/index.php?rest_route=\/wp\/v2\/pages\/14\/revisions\/958"}],"up":[{"embeddable":true,"href":"https:\/\/www.sddesignhome.com\/index.php?rest_route=\/wp\/v2\/pages\/8"}],"wp:attachment":[{"href":"https:\/\/www.sddesignhome.com\/index.php?rest_route=%2Fwp%2Fv2%2Fmedia&parent=14"}],"curies":[{"name":"wp","href":"https:\/\/api.w.org\/{rel}","templated":true}]}}