{"id":10,"date":"2024-03-09T09:35:00","date_gmt":"2024-03-09T08:35:00","guid":{"rendered":"https:\/\/www.sddesignhome.com\/?page_id=10"},"modified":"2024-03-11T00:53:34","modified_gmt":"2024-03-10T23:53:34","slug":"a-propos-de-moi","status":"publish","type":"page","link":"https:\/\/www.sddesignhome.com\/?page_id=10","title":{"rendered":"A , propos de moi"},"content":{"rendered":"\n<p><\/p>\n\n\n\n<hr class=\"wp-block-separator has-css-opacity is-style-default\"\/>\n\n\n<div class=\"wp-block-image is-style-rounded\">\n<figure class=\"aligncenter size-large is-resized\"><img fetchpriority=\"high\" decoding=\"async\" width=\"777\" height=\"1024\" src=\"https:\/\/www.sddesignhome.com\/wp-content\/uploads\/2024\/03\/img_2353-1-777x1024.jpg\" alt=\"\" class=\"wp-image-878\" style=\"aspect-ratio:1;width:335px;height:auto\" srcset=\"https:\/\/www.sddesignhome.com\/wp-content\/uploads\/2024\/03\/img_2353-1-777x1024.jpg 777w, https:\/\/www.sddesignhome.com\/wp-content\/uploads\/2024\/03\/img_2353-1-228x300.jpg 228w, https:\/\/www.sddesignhome.com\/wp-content\/uploads\/2024\/03\/img_2353-1-768x1012.jpg 768w, https:\/\/www.sddesignhome.com\/wp-content\/uploads\/2024\/03\/img_2353-1.jpg 987w\" sizes=\"(max-width: 777px) 100vw, 777px\" \/><\/figure>\n<\/div>\n\n\n<blockquote class=\"wp-block-quote has-text-align-center is-style-large is-layout-flow wp-block-quote-is-layout-flow\">\n<p>\u00abLa cr\u00e9ativit\u00e9 c&rsquo;est l&rsquo;intelligence qui s&rsquo;amuse\u00bb<\/p>\n<\/blockquote>\n\n\n\n<hr class=\"wp-block-separator has-css-opacity is-style-default\"\/>\n\n\n\n<blockquote class=\"wp-block-quote has-text-align-center is-style-large is-style-plain has-kb-palette-3-color has-text-color has-link-color wp-elements-3e3dece18fb2a7a19ac0db51080363c4 is-layout-flow wp-block-quote-is-layout-flow\"><style>.wp-block-kadence-advancedheading.kt-adv-heading10_e6955f-fe, .wp-block-kadence-advancedheading.kt-adv-heading10_e6955f-fe[data-kb-block=\"kb-adv-heading10_e6955f-fe\"]{font-style:normal;}.wp-block-kadence-advancedheading.kt-adv-heading10_e6955f-fe mark.kt-highlight, .wp-block-kadence-advancedheading.kt-adv-heading10_e6955f-fe[data-kb-block=\"kb-adv-heading10_e6955f-fe\"] mark.kt-highlight{font-style:normal;color:#f76a0c;-webkit-box-decoration-break:clone;box-decoration-break:clone;padding-top:0px;padding-right:0px;padding-bottom:0px;padding-left:0px;}.wp-block-kadence-advancedheading.kt-adv-heading10_e6955f-fe img.kb-inline-image, .wp-block-kadence-advancedheading.kt-adv-heading10_e6955f-fe[data-kb-block=\"kb-adv-heading10_e6955f-fe\"] img.kb-inline-image{width:150px;vertical-align:baseline;}<\/style>\n<p class=\"kt-adv-heading10_e6955f-fe wp-block-kadence-advancedheading\" data-kb-block=\"kb-adv-heading10_e6955f-fe\"><strong>Je m\u2019appelle Sounkary Danfa <\/strong><\/p>\n<\/blockquote>\n\n\n\n<p>Je suis d\u00e9coratrice conseill\u00e8re en design d&rsquo;espace, sp\u00e9cialis\u00e9 dans la cr\u00e9ation d&rsquo;int\u00e9rieurs modernes et fonctionnels pour les particuliers et les professionnels .<\/p>\n\n\n\n<p>En effet , c&rsquo;est en 2020 que je commence \u00e0 me pencher s\u00e9rieusement sur ma carri\u00e8re professionnelle envisageant une reconversion professionnelle .<strong> <\/strong><\/p>\n\n\n\n<p>Apr\u00e8s 22 belles ann\u00e9es d&rsquo;exp\u00e9rience dans le domaine Hospitalier , des ann\u00e9es qui m&rsquo;ont permis de prendre conscience que j&rsquo;avais besoin de renouveau , un nouveau d\u00e9part qui me donnerait de nouveaux challenges.<\/p>\n\n\n\n<p>Pour mener \u00e0 bien mon projet de reconversion professionnelle j&rsquo;ai d\u00e9poser une disponibilit\u00e9 , afin de me consacrer enti\u00e8rement \u00e0 ce nouveau d\u00e9part et de faire de ma passion un m\u00e9tier .<\/p>\n\n\n\n<p>Au fil de ma carri\u00e8re , j&rsquo;ai acquis de la rigueur, du s\u00e9rieux et une aisance relationnelle . Un m\u00e9tier qui demande de savoir faire preuve d&#8217;empathie et d&rsquo;anticiper les attentes .<\/p>\n\n\n\n<p>Autant de comp\u00e9tences qui me seront b\u00e9n\u00e9fiques pour le m\u00e9tier de d\u00e9coratrice d\u2019int\u00e9rieur . <\/p>\n\n\n\n<p>Passionn\u00e9e par l&rsquo;univers de la maison et de la d\u00e9coration, le go\u00fbt des relations humaines et le sens de persuasion , J&rsquo;ai d\u00e9velopper l&rsquo;art d&rsquo;am\u00e9nager et de cr\u00e9er une ambiance ,  la mise en valeur d&rsquo;un produit , l&rsquo;harmonie des couleurs et le r\u00e9organisation des espaces .<\/p>\n\n\n\n<p>J&rsquo;ai choisi ce m\u00e9tier, car cela me procure de la libert\u00e9 et de laisser parler ma cr\u00e9ativit\u00e9 .<\/p>\n\n\n\n<p>Pour que ma reconversion se concr\u00e9tise , j&rsquo;ai pour cela effectu\u00e9 une formation de D\u00e9coratrice Conseill\u00e8re en Design d&rsquo;espace en pr\u00e9sentiel ( RNCP ) .<\/p>\n\n\n\n<p>Gr\u00e2ce \u00e0 cette exp\u00e9rience j&rsquo; ai eu la chance de pouvoir travailler et collaborer avec certains \u00e9diteurs de tissus d&rsquo;ameublements de luxe , les  rev\u00eatements muraux , peintures de haute qualit\u00e9s , les enduits d\u00e9coratifs  \u00e0 la chaux et du b\u00e9ton cir\u00e9 &#8230;.<\/p>\n\n\n\n<div class=\"wp-block-columns is-layout-flex wp-container-core-columns-is-layout-9d6595d7 wp-block-columns-is-layout-flex\">\n<div class=\"wp-block-column is-layout-flow wp-block-column-is-layout-flow\" style=\"flex-basis:100%\">\n<p><strong>MA SIGNATURE<\/strong><\/p>\n<\/div>\n<\/div>\n\n\n\n<p>Le Mix and Match , mixer les \u00e9poques , les couleurs , les mati\u00e8res les motifs donnent un relief \u00e0 un int\u00e9rieur au gr\u00e9 de nos envies . <\/p>\n\n\n\n<p>Mais pour un r\u00e9sultat r\u00e9ussi , 3 mots d&rsquo;ordre :  doser, valoriser les d\u00e9tails , et harmoniser.  <\/p>\n\n\n<div class=\"wp-block-image\">\n<figure class=\"aligncenter size-large is-resized\"><img decoding=\"async\" width=\"1024\" height=\"768\" src=\"https:\/\/www.sddesignhome.com\/wp-content\/uploads\/2024\/01\/C08158EC-50D2-4680-A4CF-09BAC089C64B-1024x768.jpeg\" alt=\"\" class=\"wp-image-157\" style=\"width:288px;height:auto\" srcset=\"https:\/\/www.sddesignhome.com\/wp-content\/uploads\/2024\/01\/C08158EC-50D2-4680-A4CF-09BAC089C64B-1024x768.jpeg 1024w, https:\/\/www.sddesignhome.com\/wp-content\/uploads\/2024\/01\/C08158EC-50D2-4680-A4CF-09BAC089C64B-300x225.jpeg 300w, https:\/\/www.sddesignhome.com\/wp-content\/uploads\/2024\/01\/C08158EC-50D2-4680-A4CF-09BAC089C64B-768x576.jpeg 768w, https:\/\/www.sddesignhome.com\/wp-content\/uploads\/2024\/01\/C08158EC-50D2-4680-A4CF-09BAC089C64B.jpeg 1200w\" sizes=\"(max-width: 1024px) 100vw, 1024px\" \/><\/figure>\n<\/div>\n\n\n<p><\/p>\n\n\n\n<p><\/p>\n\n\n\n<p><\/p>\n","protected":false},"excerpt":{"rendered":"<p>\u00abLa cr\u00e9ativit\u00e9 c&rsquo;est l&rsquo;intelligence qui s&rsquo;amuse\u00bb Je suis d\u00e9coratrice conseill\u00e8re en design d&rsquo;espace, sp\u00e9cialis\u00e9 dans la cr\u00e9ation d&rsquo;int\u00e9rieurs modernes et fonctionnels pour les particuliers et les professionnels . En effet , c&rsquo;est en 2020 que je commence \u00e0 me pencher s\u00e9rieusement sur ma carri\u00e8re professionnelle envisageant une reconversion professionnelle . Apr\u00e8s 22 belles ann\u00e9es d&rsquo;exp\u00e9rience&#8230;<\/p>\n","protected":false},"author":1,"featured_media":0,"parent":0,"menu_order":4,"comment_status":"open","ping_status":"closed","template":"","meta":{"_kad_post_transparent":"","_kad_post_title":"","_kad_post_layout":"","_kad_post_sidebar_id":"","_kad_post_content_style":"","_kad_post_vertical_padding":"","_kad_post_feature":"","_kad_post_feature_position":"","_kad_post_header":false,"_kad_post_footer":false,"footnotes":""},"class_list":["post-10","page","type-page","status-publish","hentry"],"_links":{"self":[{"href":"https:\/\/www.sddesignhome.com\/index.php?rest_route=\/wp\/v2\/pages\/10","targetHints":{"allow":["GET"]}}],"collection":[{"href":"https:\/\/www.sddesignhome.com\/index.php?rest_route=\/wp\/v2\/pages"}],"about":[{"href":"https:\/\/www.sddesignhome.com\/index.php?rest_route=\/wp\/v2\/types\/page"}],"author":[{"embeddable":true,"href":"https:\/\/www.sddesignhome.com\/index.php?rest_route=\/wp\/v2\/users\/1"}],"replies":[{"embeddable":true,"href":"https:\/\/www.sddesignhome.com\/index.php?rest_route=%2Fwp%2Fv2%2Fcomments&post=10"}],"version-history":[{"count":74,"href":"https:\/\/www.sddesignhome.com\/index.php?rest_route=\/wp\/v2\/pages\/10\/revisions"}],"predecessor-version":[{"id":893,"href":"https:\/\/www.sddesignhome.com\/index.php?rest_route=\/wp\/v2\/pages\/10\/revisions\/893"}],"wp:attachment":[{"href":"https:\/\/www.sddesignhome.com\/index.php?rest_route=%2Fwp%2Fv2%2Fmedia&parent=10"}],"curies":[{"name":"wp","href":"https:\/\/api.w.org\/{rel}","templated":true}]}}